{"id":417,"date":"2024-12-08T10:15:20","date_gmt":"2024-12-08T09:15:20","guid":{"rendered":"https:\/\/marathon-des-paris-solidaires.fr\/?page_id=417"},"modified":"2025-01-03T18:10:29","modified_gmt":"2025-01-03T17:10:29","slug":"faq","status":"publish","type":"page","link":"https:\/\/marathon-des-paris-solidaires.fr\/index.php\/faq\/","title":{"rendered":"Foire aux questions ?"},"content":{"rendered":"\n<div class=\"wp-block-group alignfull is-layout-constrained wp-container-core-group-is-layout-c069e3d1 wp-block-group-is-layout-constrained\" style=\"margin-top:0px;margin-bottom:0px;padding-top:var(--wp--preset--spacing--20);padding-right:var(--wp--preset--spacing--20);padding-bottom:var(--wp--preset--spacing--20);padding-left:var(--wp--preset--spacing--20)\">\n<p class=\"has-text-align-center has-normal-font-size\">&#8212;<\/p>\n\n\n\n<div style=\"height:40px\" aria-hidden=\"true\" class=\"wp-block-spacer\"><\/div>\n\n\n\n<div class=\"wp-block-group alignwide is-layout-flow wp-block-group-is-layout-flow\">\n<div class=\"wp-block-columns is-layout-flex wp-container-core-columns-is-layout-28f84493 wp-block-columns-is-layout-flex\">\n<div class=\"wp-block-column has-raft-bg-alt-background-color has-background is-layout-flow wp-container-core-column-is-layout-686fca38 wp-block-column-is-layout-flow\" style=\"padding-top:var(--wp--preset--spacing--50);padding-right:var(--wp--preset--spacing--50);padding-bottom:var(--wp--preset--spacing--50);padding-left:var(--wp--preset--spacing--50)\">\n<h3 class=\"wp-block-heading has-luminous-vivid-orange-color has-text-color has-link-color has-normal-font-size wp-elements-450e6e356c9689c0766716ec71c95c4f\" style=\"text-decoration:underline;text-transform:uppercase\">Qui organise ce jeu ?<\/h3>\n\n\n\n<p style=\"font-size:16px\">Ce jeu est organis\u00e9 par l&#8217;association &#8220;Le marathon des paris solidaires&#8221; qui est d\u00e9clar\u00e9e en pr\u00e9fecture.<br>Les statuts de l&#8217;association sont disponibles <mark style=\"background-color:rgba(0, 0, 0, 0)\" class=\"has-inline-color has-raft-accent-color\"><a href=\"https:\/\/marathon-des-paris-solidaires.fr\/index.php\/essai\/\" data-type=\"page\" data-id=\"244\">ici<\/a><\/mark><\/p>\n<\/div>\n\n\n\n<div class=\"wp-block-column has-raft-bg-alt-background-color has-background is-layout-flow wp-container-core-column-is-layout-686fca38 wp-block-column-is-layout-flow\" style=\"padding-top:var(--wp--preset--spacing--50);padding-right:var(--wp--preset--spacing--50);padding-bottom:var(--wp--preset--spacing--50);padding-left:var(--wp--preset--spacing--50)\">\n<h3 class=\"wp-block-heading has-luminous-vivid-orange-color has-text-color has-link-color has-normal-font-size wp-elements-3a71d1ecb434d5d489b1925ca4600933\" style=\"text-decoration:underline;text-transform:uppercase\">Qui g\u00e8re l&#8217;association ?<\/h3>\n\n\n\n<p style=\"font-size:16px\">L&#8217;association &#8220;Le marathon des paris solidaires&#8221; a \u00e9t\u00e9 cr\u00e9\u00e9e par un trin\u00f4me d&#8217;amis qui pratiquent ou ont pratiqu\u00e9 la course \u00e0 pied et qui voient dans l&#8217;explosion du nombre des courses \u00e0 pied, une opportunit\u00e9 pour organiser des jeux permettant de r\u00e9colter de l&#8217;argent au profit d&#8217;associations caritatives.<\/p>\n<\/div>\n<\/div>\n\n\n\n<div class=\"wp-block-columns is-layout-flex wp-container-core-columns-is-layout-28f84493 wp-block-columns-is-layout-flex\">\n<div class=\"wp-block-column has-raft-bg-alt-background-color has-background is-layout-flow wp-container-core-column-is-layout-686fca38 wp-block-column-is-layout-flow\" style=\"padding-top:var(--wp--preset--spacing--50);padding-right:var(--wp--preset--spacing--50);padding-bottom:var(--wp--preset--spacing--50);padding-left:var(--wp--preset--spacing--50)\">\n<h3 class=\"wp-block-heading has-luminous-vivid-orange-color has-text-color has-link-color has-normal-font-size wp-elements-0c5eeddf3a192416461c7be379795441\" style=\"text-decoration:underline;text-transform:uppercase\">Comment aideR &#8220;le MDPS&#8221; ? <\/h3>\n\n\n\n<p style=\"font-size:16px\">M\u00eame si les frais de fonctionnement ne sont pas \u00e9normes, vous pouvez aider &#8220;Le marathon des paris solidaires&#8221; en adh\u00e9rant \u00e0 l&#8217;association contre une cotisation annuelle (actuellement 10\u20ac).<br>Si vous \u00eates un professionnel, vous pouvez \u00e9galement faire un don qui servira \u00e0 acqu\u00e9rir les lots \u00e0 gagner lors des diff\u00e9rents jeux organis\u00e9s par l&#8217;association.<\/p>\n<\/div>\n\n\n\n<div class=\"wp-block-column has-raft-bg-alt-background-color has-background is-layout-flow wp-container-core-column-is-layout-686fca38 wp-block-column-is-layout-flow\" style=\"padding-top:var(--wp--preset--spacing--50);padding-right:var(--wp--preset--spacing--50);padding-bottom:var(--wp--preset--spacing--50);padding-left:var(--wp--preset--spacing--50)\">\n<h3 class=\"wp-block-heading has-luminous-vivid-orange-color has-text-color has-link-color has-normal-font-size wp-elements-e61d8767d408c34a45ff0fab125cbf24\" style=\"text-decoration:underline;text-transform:uppercase\">Question ?<\/h3>\n\n\n\n<p style=\"font-size:16px\">R\u00e9ponse<\/p>\n<\/div>\n<\/div>\n\n\n\n<div class=\"wp-block-columns is-layout-flex wp-container-core-columns-is-layout-28f84493 wp-block-columns-is-layout-flex\">\n<div class=\"wp-block-column has-raft-bg-alt-background-color has-background is-layout-flow wp-container-core-column-is-layout-686fca38 wp-block-column-is-layout-flow\" style=\"padding-top:var(--wp--preset--spacing--50);padding-right:var(--wp--preset--spacing--50);padding-bottom:var(--wp--preset--spacing--50);padding-left:var(--wp--preset--spacing--50)\">\n<h3 class=\"wp-block-heading has-luminous-vivid-orange-color has-text-color has-link-color has-normal-font-size wp-elements-e61d8767d408c34a45ff0fab125cbf24\" style=\"text-decoration:underline;text-transform:uppercase\">Question ?<\/h3>\n\n\n\n<p style=\"font-size:16px\">R\u00e9ponse<\/p>\n<\/div>\n\n\n\n<div class=\"wp-block-column has-raft-bg-alt-background-color has-background is-layout-flow wp-container-core-column-is-layout-686fca38 wp-block-column-is-layout-flow\" style=\"padding-top:var(--wp--preset--spacing--50);padding-right:var(--wp--preset--spacing--50);padding-bottom:var(--wp--preset--spacing--50);padding-left:var(--wp--preset--spacing--50)\">\n<h3 class=\"wp-block-heading has-luminous-vivid-orange-color has-text-color has-link-color has-normal-font-size wp-elements-e61d8767d408c34a45ff0fab125cbf24\" style=\"text-decoration:underline;text-transform:uppercase\">Question ?<\/h3>\n\n\n\n<p style=\"font-size:16px\">R\u00e9ponse<\/p>\n<\/div>\n<\/div>\n<\/div>\n<\/div>\n\n\n\n<p><\/p>\n","protected":false},"excerpt":{"rendered":"<p>&#8212; Qui organise ce jeu ? Ce jeu est organis\u00e9 par l&#8217;association &#8220;Le marathon des paris solidaires&#8221; qui est d\u00e9clar\u00e9e en pr\u00e9fecture.Les statuts de l&#8217;association sont disponibles ici Qui g\u00e8re l&#8217;association ? L&#8217;association &#8220;Le marathon des paris solidaires&#8221; a \u00e9t\u00e9 cr\u00e9\u00e9e par un trin\u00f4me d&#8217;amis qui pratiquent ou ont pratiqu\u00e9 la course \u00e0 pied et [&hellip;]<\/p>\n","protected":false},"author":2,"featured_media":0,"parent":0,"menu_order":0,"comment_status":"closed","ping_status":"closed","template":"","meta":{"footnotes":""},"class_list":["post-417","page","type-page","status-publish","hentry"],"_links":{"self":[{"href":"https:\/\/marathon-des-paris-solidaires.fr\/index.php\/wp-json\/wp\/v2\/pages\/417","targetHints":{"allow":["GET"]}}],"collection":[{"href":"https:\/\/marathon-des-paris-solidaires.fr\/index.php\/wp-json\/wp\/v2\/pages"}],"about":[{"href":"https:\/\/marathon-des-paris-solidaires.fr\/index.php\/wp-json\/wp\/v2\/types\/page"}],"author":[{"embeddable":true,"href":"https:\/\/marathon-des-paris-solidaires.fr\/index.php\/wp-json\/wp\/v2\/users\/2"}],"replies":[{"embeddable":true,"href":"https:\/\/marathon-des-paris-solidaires.fr\/index.php\/wp-json\/wp\/v2\/comments?post=417"}],"version-history":[{"count":10,"href":"https:\/\/marathon-des-paris-solidaires.fr\/index.php\/wp-json\/wp\/v2\/pages\/417\/revisions"}],"predecessor-version":[{"id":498,"href":"https:\/\/marathon-des-paris-solidaires.fr\/index.php\/wp-json\/wp\/v2\/pages\/417\/revisions\/498"}],"wp:attachment":[{"href":"https:\/\/marathon-des-paris-solidaires.fr\/index.php\/wp-json\/wp\/v2\/media?parent=417"}],"curies":[{"name":"wp","href":"https:\/\/api.w.org\/{rel}","templated":true}]}}