{"id":146,"date":"2024-08-24T19:25:43","date_gmt":"2024-08-24T17:25:43","guid":{"rendered":"https:\/\/marathon-des-paris-solidaires.fr\/?page_id=146"},"modified":"2025-10-12T21:21:12","modified_gmt":"2025-10-12T19:21:12","slug":"les-associations","status":"publish","type":"page","link":"https:\/\/marathon-des-paris-solidaires.fr\/index.php\/les-associations\/","title":{"rendered":"Les associations"},"content":{"rendered":"\n<div class=\"wp-block-columns is-layout-flex wp-container-core-columns-is-layout-28f84493 wp-block-columns-is-layout-flex\">\n<div class=\"wp-block-column is-layout-flow wp-block-column-is-layout-flow\">\n<h2 class=\"wp-block-heading\"><mark style=\"background-color:rgba(0, 0, 0, 0)\" class=\"has-inline-color has-raft-accent-color\">R\u00eaves<\/mark><\/h2>\n\n\n\n<p>L\u2019association <mark style=\"background-color:rgba(0, 0, 0, 0)\" class=\"has-inline-color has-raft-accent-color\">R\u00eaves<\/mark> r\u00e9alise les r\u00eaves d\u2019enfants gravement malades pour leur offrir des moments d\u2019\u00e9vasion inoubliables. En exau\u00e7ant leurs souhaits les plus fous, l&#8217;association leur permet de retrouver espoir et courage face \u00e0 la maladie. Depuis 1994, R\u00eaves intervient dans toute la France gr\u00e2ce \u00e0 ses nombreuses d\u00e9l\u00e9gations et son r\u00e9seau de partenaires, offrant \u00e0 ces enfants des parenth\u00e8ses magiques o\u00f9 ils redeviennent les h\u00e9ros de leur propre histoire. Soutenez R\u00eaves et contribuez \u00e0 transformer ces r\u00eaves en r\u00e9alit\u00e9 !<\/p>\n<\/div>\n\n\n\n<div class=\"wp-block-column is-layout-flow wp-block-column-is-layout-flow\">\n<div class=\"wp-block-group is-vertical is-layout-flex wp-container-core-group-is-layout-fe9cc265 wp-block-group-is-layout-flex\">\n<figure class=\"wp-block-image aligncenter size-full is-resized\"><img decoding=\"async\" width=\"232\" height=\"96\" src=\"https:\/\/marathon-des-paris-solidaires.fr\/wp-content\/uploads\/2024\/08\/logo-Reves.png\" alt=\"\" class=\"wp-image-265\" style=\"width:358px;height:auto\"\/><\/figure>\n\n\n\n<div class=\"wp-block-buttons is-content-justification-center is-layout-flex wp-container-core-buttons-is-layout-fa954f39 wp-block-buttons-is-layout-flex\" style=\"padding-top:0;padding-right:0;padding-bottom:0;padding-left:0\">\n<div class=\"wp-block-button is-style-fill\"><a class=\"wp-block-button__link has-text-align-center wp-element-button\" href=\"https:\/\/www.reves.fr\/qui-sommes-nous\/association\/\" target=\"_blank\" rel=\"noreferrer noopener\">Pour en savoir plus<\/a><\/div>\n<\/div>\n<\/div>\n<\/div>\n<\/div>\n\n\n\n<div class=\"wp-block-group alignfull has-raft-fg-alt-color has-raft-fg-background-color has-text-color has-background has-link-color wp-elements-9548a4083aae1267601383129017d0e4 is-layout-constrained wp-block-group-is-layout-constrained\">\n<div class=\"wp-block-columns is-layout-flex wp-container-core-columns-is-layout-28f84493 wp-block-columns-is-layout-flex\">\n<div class=\"wp-block-column is-layout-flow wp-block-column-is-layout-flow\">\n<div class=\"wp-block-group is-vertical is-layout-flex wp-container-core-group-is-layout-fe9cc265 wp-block-group-is-layout-flex\">\n<figure class=\"wp-block-image aligncenter size-full is-resized\"><img fetchpriority=\"high\" decoding=\"async\" width=\"1784\" height=\"1474\" src=\"https:\/\/marathon-des-paris-solidaires.fr\/wp-content\/uploads\/2025\/10\/ROSE_EN_BAIE.png\" alt=\"\" class=\"wp-image-727\" style=\"width:300px;height:auto\" srcset=\"https:\/\/marathon-des-paris-solidaires.fr\/wp-content\/uploads\/2025\/10\/ROSE_EN_BAIE.png 1784w, https:\/\/marathon-des-paris-solidaires.fr\/wp-content\/uploads\/2025\/10\/ROSE_EN_BAIE-300x248.png 300w, https:\/\/marathon-des-paris-solidaires.fr\/wp-content\/uploads\/2025\/10\/ROSE_EN_BAIE-1024x846.png 1024w, https:\/\/marathon-des-paris-solidaires.fr\/wp-content\/uploads\/2025\/10\/ROSE_EN_BAIE-768x635.png 768w, https:\/\/marathon-des-paris-solidaires.fr\/wp-content\/uploads\/2025\/10\/ROSE_EN_BAIE-1536x1269.png 1536w, https:\/\/marathon-des-paris-solidaires.fr\/wp-content\/uploads\/2025\/10\/ROSE_EN_BAIE-200x165.png 200w, https:\/\/marathon-des-paris-solidaires.fr\/wp-content\/uploads\/2025\/10\/ROSE_EN_BAIE-1320x1091.png 1320w\" sizes=\"(max-width: 1784px) 100vw, 1784px\" \/><\/figure>\n\n\n\n<div class=\"wp-block-buttons is-horizontal is-content-justification-center is-layout-flex wp-container-core-buttons-is-layout-4f6f85ca wp-block-buttons-is-layout-flex\">\n<div class=\"wp-block-button\"><a class=\"wp-block-button__link has-text-align-center wp-element-button\" href=\"https:\/\/www.rosesenbaie.com\/\" target=\"_blank\" rel=\"noreferrer noopener\">Pour en savoir plus<\/a><\/div>\n<\/div>\n<\/div>\n<\/div>\n\n\n\n<div class=\"wp-block-column is-layout-flow wp-block-column-is-layout-flow\">\n<h2 class=\"wp-block-heading\"><mark style=\"background-color:rgba(0, 0, 0, 0);color:#f78da7\" class=\"has-inline-color\">Roses en baie<\/mark><\/h2>\n\n\n\n<p>L&#8217;association <mark style=\"background-color:rgba(0, 0, 0, 0);color:#f78da7\" class=\"has-inline-color\">Roses en baie<\/mark> est d\u00e9di\u00e9e \u00e0 la lutte contre le cancer du sein. Elle s&#8217;engage \u00e0 soutenir et accompagner les personnes touch\u00e9es par cette maladie, ainsi que leurs proches, en leur offrant un espace de partage, de soutien et de bien-\u00eatre.\u200b Pour aider les membres \u00e0 mieux vivre leur quotidien et \u00e0 retrouver une qualit\u00e9 de vie optimale, Roses en baie propose une vari\u00e9t\u00e9 d&#8217;activit\u00e9s adapt\u00e9es \u00e0 tous les go\u00fbts et \u00e0 toutes les capacit\u00e9s.<\/p>\n\n\n\n<p>Que vous soyez touch\u00e9(e) directement par le cancer du sein ou que vous souhaitiez soutenir un proche, <mark style=\"background-color:rgba(0, 0, 0, 0);color:#f78da7\" class=\"has-inline-color\">Roses en Baie<\/mark> est l\u00e0 pour vous. <\/p>\n<\/div>\n<\/div>\n<\/div>\n\n\n\n<div class=\"wp-block-columns is-layout-flex wp-container-core-columns-is-layout-28f84493 wp-block-columns-is-layout-flex\">\n<div class=\"wp-block-column is-layout-flow wp-block-column-is-layout-flow\">\n<h2 class=\"wp-block-heading\"><mark style=\"background-color:rgba(0, 0, 0, 0)\" class=\"has-inline-color has-raft-accent-color\">Manche Leuc\u00e9mie<\/mark><\/h2>\n\n\n\n<p>L&#8217;association <mark style=\"background-color:rgba(0, 0, 0, 0)\" class=\"has-inline-color has-raft-accent-color\">Manche Leuc\u00e9mie<\/mark> est un organisme \u00e0 but non lucratif d\u00e9di\u00e9 \u00e0 la lutte contre les leuc\u00e9mies et autres cancers du sang. Fond\u00e9e en 1995, elle a pour mission de soutenir les patients et leurs familles, de financer la recherche m\u00e9dicale et de sensibiliser le public \u00e0 ces maladies. Gr\u00e2ce \u00e0 l&#8217;engagement de ses b\u00e9n\u00e9voles et donateurs, l&#8217;association contribue \u00e0 am\u00e9liorer la qualit\u00e9 de vie des personnes touch\u00e9es et \u00e0 faire progresser les traitements.<\/p>\n<\/div>\n\n\n\n<div class=\"wp-block-column is-layout-flow wp-block-column-is-layout-flow\">\n<div class=\"wp-block-group is-vertical is-layout-flex wp-container-core-group-is-layout-fe9cc265 wp-block-group-is-layout-flex\">\n<figure class=\"wp-block-image aligncenter size-full is-resized\"><img decoding=\"async\" width=\"298\" height=\"249\" src=\"https:\/\/marathon-des-paris-solidaires.fr\/wp-content\/uploads\/2025\/01\/Manche-Leucemie.png\" alt=\"\" class=\"wp-image-504\" style=\"width:358px;height:auto\" srcset=\"https:\/\/marathon-des-paris-solidaires.fr\/wp-content\/uploads\/2025\/01\/Manche-Leucemie.png 298w, https:\/\/marathon-des-paris-solidaires.fr\/wp-content\/uploads\/2025\/01\/Manche-Leucemie-200x167.png 200w\" sizes=\"(max-width: 298px) 100vw, 298px\" \/><\/figure>\n\n\n\n<div class=\"wp-block-buttons is-content-justification-center is-layout-flex wp-container-core-buttons-is-layout-fa954f39 wp-block-buttons-is-layout-flex\" style=\"padding-top:0;padding-right:0;padding-bottom:0;padding-left:0\">\n<div class=\"wp-block-button is-style-fill\"><a class=\"wp-block-button__link has-text-align-center wp-element-button\" href=\"https:\/\/www.mancheleucemie.fr\/\" target=\"_blank\" rel=\"noreferrer noopener\">Pour en savoir plus<\/a><\/div>\n<\/div>\n<\/div>\n<\/div>\n<\/div>\n","protected":false},"excerpt":{"rendered":"<p>R\u00eaves L\u2019association R\u00eaves r\u00e9alise les r\u00eaves d\u2019enfants gravement malades pour leur offrir des moments d\u2019\u00e9vasion inoubliables. En exau\u00e7ant leurs souhaits les plus fous, l&#8217;association leur permet de retrouver espoir et courage face \u00e0 la maladie. Depuis 1994, R\u00eaves intervient dans toute la France gr\u00e2ce \u00e0 ses nombreuses d\u00e9l\u00e9gations et son r\u00e9seau de partenaires, offrant \u00e0 [&hellip;]<\/p>\n","protected":false},"author":2,"featured_media":0,"parent":0,"menu_order":0,"comment_status":"closed","ping_status":"closed","template":"","meta":{"footnotes":""},"class_list":["post-146","page","type-page","status-publish","hentry"],"_links":{"self":[{"href":"https:\/\/marathon-des-paris-solidaires.fr\/index.php\/wp-json\/wp\/v2\/pages\/146","targetHints":{"allow":["GET"]}}],"collection":[{"href":"https:\/\/marathon-des-paris-solidaires.fr\/index.php\/wp-json\/wp\/v2\/pages"}],"about":[{"href":"https:\/\/marathon-des-paris-solidaires.fr\/index.php\/wp-json\/wp\/v2\/types\/page"}],"author":[{"embeddable":true,"href":"https:\/\/marathon-des-paris-solidaires.fr\/index.php\/wp-json\/wp\/v2\/users\/2"}],"replies":[{"embeddable":true,"href":"https:\/\/marathon-des-paris-solidaires.fr\/index.php\/wp-json\/wp\/v2\/comments?post=146"}],"version-history":[{"count":8,"href":"https:\/\/marathon-des-paris-solidaires.fr\/index.php\/wp-json\/wp\/v2\/pages\/146\/revisions"}],"predecessor-version":[{"id":737,"href":"https:\/\/marathon-des-paris-solidaires.fr\/index.php\/wp-json\/wp\/v2\/pages\/146\/revisions\/737"}],"wp:attachment":[{"href":"https:\/\/marathon-des-paris-solidaires.fr\/index.php\/wp-json\/wp\/v2\/media?parent=146"}],"curies":[{"name":"wp","href":"https:\/\/api.w.org\/{rel}","templated":true}]}}